{"id":1599,"date":"2022-02-01T17:21:40","date_gmt":"2022-02-01T22:21:40","guid":{"rendered":"http:\/\/localhost:10008\/?page_id=1599"},"modified":"2024-11-05T14:39:54","modified_gmt":"2024-11-05T19:39:54","slug":"accueil","status":"publish","type":"page","link":"https:\/\/patersongroup.ca\/fr\/","title":{"rendered":"Accueil"},"content":{"rendered":"","protected":false},"excerpt":{"rendered":"<p>Lorem ipsum dolor sit amet, consectetur adipiscing elit. Duis eu lobortis turpis, a euismod purus. Donec sollicitudin augue enim, ut finibus lacus bibendum non. Nam eu egestas felis, at dictum metus.<\/p>\n","protected":false},"author":10,"featured_media":1444,"parent":0,"menu_order":0,"comment_status":"closed","ping_status":"closed","template":"page-home.php","meta":{"_acf_changed":false,"_genesis_hide_title":false,"_genesis_hide_breadcrumbs":false,"_genesis_hide_singular_image":false,"_genesis_hide_footer_widgets":false,"_genesis_custom_body_class":"","_genesis_custom_post_class":"","_genesis_layout":"","footnotes":""},"class_list":{"0":"post-1599","1":"page","2":"type-page","3":"status-publish","4":"has-post-thumbnail","6":"entry"},"acf":[],"yoast_head":"<!-- This site is optimized with the Yoast SEO plugin v27.3 - https:\/\/yoast.com\/product\/yoast-seo-wordpress\/ -->\n<title>Paterson Group - Solution Oriented Engineering<\/title>\n<meta name=\"description\" content=\"Paterson Group est une firme d\u2019ing\u00e9nieurs-conseils reconnu depuis longtemps pour son expertise en mati\u00e8re d\u2019ing\u00e9nierie g\u00e9otechnique et environnementale, d\u2019\u00e9tudes hydrog\u00e9ologiques, d\u2019essais de mat\u00e9riaux et de la science des b\u00e2timents. Nous avons, r\u00e9cement, ajout\u00e9 une \u00e9quipe d\u2019\u00e9tudes de bruit et de surveillance vibratoire compos\u00e9e de professionnels hautement exp\u00e9riment\u00e9s.\" \/>\n<meta name=\"robots\" content=\"index, follow, max-snippet:-1, max-image-preview:large, max-video-preview:-1\" \/>\n<link rel=\"canonical\" href=\"https:\/\/patersongroup.ca\/fr\/\" \/>\n<meta property=\"og:locale\" content=\"fr_FR\" \/>\n<meta property=\"og:type\" content=\"article\" \/>\n<meta property=\"og:title\" content=\"Paterson Group - Solution Oriented Engineering\" \/>\n<meta property=\"og:description\" content=\"Paterson Group est une firme d\u2019ing\u00e9nieurs-conseils reconnu depuis longtemps pour son expertise en mati\u00e8re d\u2019ing\u00e9nierie g\u00e9otechnique et environnementale, d\u2019\u00e9tudes hydrog\u00e9ologiques, d\u2019essais de mat\u00e9riaux et de la science des b\u00e2timents. Nous avons, r\u00e9cement, ajout\u00e9 une \u00e9quipe d\u2019\u00e9tudes de bruit et de surveillance vibratoire compos\u00e9e de professionnels hautement exp\u00e9riment\u00e9s.\" \/>\n<meta property=\"og:url\" content=\"https:\/\/patersongroup.ca\/fr\/\" \/>\n<meta property=\"og:site_name\" content=\"Paterson Group\" \/>\n<meta property=\"article:modified_time\" content=\"2024-11-05T19:39:54+00:00\" \/>\n<meta property=\"og:image\" content=\"https:\/\/patersongroup.ca\/wp-content\/uploads\/2022\/02\/PG-Creek-bridge-.jpeg\" \/>\n\t<meta property=\"og:image:width\" content=\"2048\" \/>\n\t<meta property=\"og:image:height\" content=\"1150\" \/>\n\t<meta property=\"og:image:type\" content=\"image\/jpeg\" \/>\n<meta name=\"twitter:card\" content=\"summary_large_image\" \/>\n<script type=\"application\/ld+json\" class=\"yoast-schema-graph\">{\"@context\":\"https:\\\/\\\/schema.org\",\"@graph\":[{\"@type\":\"WebPage\",\"@id\":\"https:\\\/\\\/patersongroup.ca\\\/fr\\\/\",\"url\":\"https:\\\/\\\/patersongroup.ca\\\/fr\\\/\",\"name\":\"Paterson Group - Solution Oriented Engineering\",\"isPartOf\":{\"@id\":\"https:\\\/\\\/patersongroup.ca\\\/fr\\\/#website\"},\"primaryImageOfPage\":{\"@id\":\"https:\\\/\\\/patersongroup.ca\\\/fr\\\/#primaryimage\"},\"image\":{\"@id\":\"https:\\\/\\\/patersongroup.ca\\\/fr\\\/#primaryimage\"},\"thumbnailUrl\":\"https:\\\/\\\/patersongroup.ca\\\/wp-content\\\/uploads\\\/2022\\\/02\\\/PG-Creek-bridge-.jpeg\",\"datePublished\":\"2022-02-01T22:21:40+00:00\",\"dateModified\":\"2024-11-05T19:39:54+00:00\",\"description\":\"Paterson Group est une firme d\u2019ing\u00e9nieurs-conseils reconnu depuis longtemps pour son expertise en mati\u00e8re d\u2019ing\u00e9nierie g\u00e9otechnique et environnementale, d\u2019\u00e9tudes hydrog\u00e9ologiques, d\u2019essais de mat\u00e9riaux et de la science des b\u00e2timents. Nous avons, r\u00e9cement, ajout\u00e9 une \u00e9quipe d\u2019\u00e9tudes de bruit et de surveillance vibratoire compos\u00e9e de professionnels hautement exp\u00e9riment\u00e9s.\",\"breadcrumb\":{\"@id\":\"https:\\\/\\\/patersongroup.ca\\\/fr\\\/#breadcrumb\"},\"inLanguage\":\"fr-FR\",\"potentialAction\":[{\"@type\":\"ReadAction\",\"target\":[\"https:\\\/\\\/patersongroup.ca\\\/fr\\\/\"]}]},{\"@type\":\"ImageObject\",\"inLanguage\":\"fr-FR\",\"@id\":\"https:\\\/\\\/patersongroup.ca\\\/fr\\\/#primaryimage\",\"url\":\"https:\\\/\\\/patersongroup.ca\\\/wp-content\\\/uploads\\\/2022\\\/02\\\/PG-Creek-bridge-.jpeg\",\"contentUrl\":\"https:\\\/\\\/patersongroup.ca\\\/wp-content\\\/uploads\\\/2022\\\/02\\\/PG-Creek-bridge-.jpeg\",\"width\":2048,\"height\":1150,\"caption\":\"Creek and bridge\"},{\"@type\":\"BreadcrumbList\",\"@id\":\"https:\\\/\\\/patersongroup.ca\\\/fr\\\/#breadcrumb\",\"itemListElement\":[{\"@type\":\"ListItem\",\"position\":1,\"name\":\"Home\",\"item\":\"https:\\\/\\\/patersongroup.ca\\\/fr\\\/\"},{\"@type\":\"ListItem\",\"position\":2,\"name\":\"Accueil\"}]},{\"@type\":\"WebSite\",\"@id\":\"https:\\\/\\\/patersongroup.ca\\\/fr\\\/#website\",\"url\":\"https:\\\/\\\/patersongroup.ca\\\/fr\\\/\",\"name\":\"Paterson Group\",\"description\":\"Solution Oriented Engineering\",\"publisher\":{\"@id\":\"https:\\\/\\\/patersongroup.ca\\\/fr\\\/#organization\"},\"potentialAction\":[{\"@type\":\"SearchAction\",\"target\":{\"@type\":\"EntryPoint\",\"urlTemplate\":\"https:\\\/\\\/patersongroup.ca\\\/fr\\\/?s={search_term_string}\"},\"query-input\":{\"@type\":\"PropertyValueSpecification\",\"valueRequired\":true,\"valueName\":\"search_term_string\"}}],\"inLanguage\":\"fr-FR\"},{\"@type\":\"Organization\",\"@id\":\"https:\\\/\\\/patersongroup.ca\\\/fr\\\/#organization\",\"name\":\"Paterson Group\",\"url\":\"https:\\\/\\\/patersongroup.ca\\\/fr\\\/\",\"logo\":{\"@type\":\"ImageObject\",\"inLanguage\":\"fr-FR\",\"@id\":\"https:\\\/\\\/patersongroup.ca\\\/fr\\\/#\\\/schema\\\/logo\\\/image\\\/\",\"url\":\"https:\\\/\\\/patersongroup.ca\\\/wp-content\\\/uploads\\\/2022\\\/05\\\/SPARK-PG-Logo-Primary.png\",\"contentUrl\":\"https:\\\/\\\/patersongroup.ca\\\/wp-content\\\/uploads\\\/2022\\\/05\\\/SPARK-PG-Logo-Primary.png\",\"width\":2600,\"height\":1130,\"caption\":\"Paterson Group\"},\"image\":{\"@id\":\"https:\\\/\\\/patersongroup.ca\\\/fr\\\/#\\\/schema\\\/logo\\\/image\\\/\"}}]}<\/script>\n<!-- \/ Yoast SEO plugin. -->","yoast_head_json":{"title":"Paterson Group - Solution Oriented Engineering","description":"Paterson Group est une firme d\u2019ing\u00e9nieurs-conseils reconnu depuis longtemps pour son expertise en mati\u00e8re d\u2019ing\u00e9nierie g\u00e9otechnique et environnementale, d\u2019\u00e9tudes hydrog\u00e9ologiques, d\u2019essais de mat\u00e9riaux et de la science des b\u00e2timents. Nous avons, r\u00e9cement, ajout\u00e9 une \u00e9quipe d\u2019\u00e9tudes de bruit et de surveillance vibratoire compos\u00e9e de professionnels hautement exp\u00e9riment\u00e9s.","robots":{"index":"index","follow":"follow","max-snippet":"max-snippet:-1","max-image-preview":"max-image-preview:large","max-video-preview":"max-video-preview:-1"},"canonical":"https:\/\/patersongroup.ca\/fr\/","og_locale":"fr_FR","og_type":"article","og_title":"Paterson Group - Solution Oriented Engineering","og_description":"Paterson Group est une firme d\u2019ing\u00e9nieurs-conseils reconnu depuis longtemps pour son expertise en mati\u00e8re d\u2019ing\u00e9nierie g\u00e9otechnique et environnementale, d\u2019\u00e9tudes hydrog\u00e9ologiques, d\u2019essais de mat\u00e9riaux et de la science des b\u00e2timents. Nous avons, r\u00e9cement, ajout\u00e9 une \u00e9quipe d\u2019\u00e9tudes de bruit et de surveillance vibratoire compos\u00e9e de professionnels hautement exp\u00e9riment\u00e9s.","og_url":"https:\/\/patersongroup.ca\/fr\/","og_site_name":"Paterson Group","article_modified_time":"2024-11-05T19:39:54+00:00","og_image":[{"width":2048,"height":1150,"url":"https:\/\/patersongroup.ca\/wp-content\/uploads\/2022\/02\/PG-Creek-bridge-.jpeg","type":"image\/jpeg"}],"twitter_card":"summary_large_image","schema":{"@context":"https:\/\/schema.org","@graph":[{"@type":"WebPage","@id":"https:\/\/patersongroup.ca\/fr\/","url":"https:\/\/patersongroup.ca\/fr\/","name":"Paterson Group - Solution Oriented Engineering","isPartOf":{"@id":"https:\/\/patersongroup.ca\/fr\/#website"},"primaryImageOfPage":{"@id":"https:\/\/patersongroup.ca\/fr\/#primaryimage"},"image":{"@id":"https:\/\/patersongroup.ca\/fr\/#primaryimage"},"thumbnailUrl":"https:\/\/patersongroup.ca\/wp-content\/uploads\/2022\/02\/PG-Creek-bridge-.jpeg","datePublished":"2022-02-01T22:21:40+00:00","dateModified":"2024-11-05T19:39:54+00:00","description":"Paterson Group est une firme d\u2019ing\u00e9nieurs-conseils reconnu depuis longtemps pour son expertise en mati\u00e8re d\u2019ing\u00e9nierie g\u00e9otechnique et environnementale, d\u2019\u00e9tudes hydrog\u00e9ologiques, d\u2019essais de mat\u00e9riaux et de la science des b\u00e2timents. Nous avons, r\u00e9cement, ajout\u00e9 une \u00e9quipe d\u2019\u00e9tudes de bruit et de surveillance vibratoire compos\u00e9e de professionnels hautement exp\u00e9riment\u00e9s.","breadcrumb":{"@id":"https:\/\/patersongroup.ca\/fr\/#breadcrumb"},"inLanguage":"fr-FR","potentialAction":[{"@type":"ReadAction","target":["https:\/\/patersongroup.ca\/fr\/"]}]},{"@type":"ImageObject","inLanguage":"fr-FR","@id":"https:\/\/patersongroup.ca\/fr\/#primaryimage","url":"https:\/\/patersongroup.ca\/wp-content\/uploads\/2022\/02\/PG-Creek-bridge-.jpeg","contentUrl":"https:\/\/patersongroup.ca\/wp-content\/uploads\/2022\/02\/PG-Creek-bridge-.jpeg","width":2048,"height":1150,"caption":"Creek and bridge"},{"@type":"BreadcrumbList","@id":"https:\/\/patersongroup.ca\/fr\/#breadcrumb","itemListElement":[{"@type":"ListItem","position":1,"name":"Home","item":"https:\/\/patersongroup.ca\/fr\/"},{"@type":"ListItem","position":2,"name":"Accueil"}]},{"@type":"WebSite","@id":"https:\/\/patersongroup.ca\/fr\/#website","url":"https:\/\/patersongroup.ca\/fr\/","name":"Paterson Group","description":"Solution Oriented Engineering","publisher":{"@id":"https:\/\/patersongroup.ca\/fr\/#organization"},"potentialAction":[{"@type":"SearchAction","target":{"@type":"EntryPoint","urlTemplate":"https:\/\/patersongroup.ca\/fr\/?s={search_term_string}"},"query-input":{"@type":"PropertyValueSpecification","valueRequired":true,"valueName":"search_term_string"}}],"inLanguage":"fr-FR"},{"@type":"Organization","@id":"https:\/\/patersongroup.ca\/fr\/#organization","name":"Paterson Group","url":"https:\/\/patersongroup.ca\/fr\/","logo":{"@type":"ImageObject","inLanguage":"fr-FR","@id":"https:\/\/patersongroup.ca\/fr\/#\/schema\/logo\/image\/","url":"https:\/\/patersongroup.ca\/wp-content\/uploads\/2022\/05\/SPARK-PG-Logo-Primary.png","contentUrl":"https:\/\/patersongroup.ca\/wp-content\/uploads\/2022\/05\/SPARK-PG-Logo-Primary.png","width":2600,"height":1130,"caption":"Paterson Group"},"image":{"@id":"https:\/\/patersongroup.ca\/fr\/#\/schema\/logo\/image\/"}}]}},"_links":{"self":[{"href":"https:\/\/patersongroup.ca\/fr\/wp-json\/wp\/v2\/pages\/1599","targetHints":{"allow":["GET"]}}],"collection":[{"href":"https:\/\/patersongroup.ca\/fr\/wp-json\/wp\/v2\/pages"}],"about":[{"href":"https:\/\/patersongroup.ca\/fr\/wp-json\/wp\/v2\/types\/page"}],"author":[{"embeddable":true,"href":"https:\/\/patersongroup.ca\/fr\/wp-json\/wp\/v2\/users\/10"}],"replies":[{"embeddable":true,"href":"https:\/\/patersongroup.ca\/fr\/wp-json\/wp\/v2\/comments?post=1599"}],"version-history":[{"count":1,"href":"https:\/\/patersongroup.ca\/fr\/wp-json\/wp\/v2\/pages\/1599\/revisions"}],"predecessor-version":[{"id":2233,"href":"https:\/\/patersongroup.ca\/fr\/wp-json\/wp\/v2\/pages\/1599\/revisions\/2233"}],"wp:featuredmedia":[{"embeddable":true,"href":"https:\/\/patersongroup.ca\/fr\/wp-json\/wp\/v2\/media\/1444"}],"wp:attachment":[{"href":"https:\/\/patersongroup.ca\/fr\/wp-json\/wp\/v2\/media?parent=1599"}],"curies":[{"name":"wp","href":"https:\/\/api.w.org\/{rel}","templated":true}]}}